{"id":361,"date":"2017-10-28T07:38:00","date_gmt":"2017-10-28T07:38:00","guid":{"rendered":"https:\/\/jirisancapital.com\/about-us\/"},"modified":"2018-05-02T08:25:22","modified_gmt":"2018-05-02T16:25:22","slug":"about-us","status":"publish","type":"page","link":"https:\/\/jirisancapital.com\/es\/about-us\/","title":{"rendered":"SOBRE NOSOTROS"},"content":{"rendered":"<p>[et_pb_section bb_built=&#8221;1&#8243; module_id=&#8221;oars-and-salis&#8221; _builder_version=&#8221;3.1.1&#8243; next_background_color=&#8221;#000000&#8243;][et_pb_row make_fullwidth=&#8221;on&#8221; make_equal=&#8221;on&#8221; _builder_version=&#8221;3.1.1&#8243;][et_pb_column type=&#8221;1_2&#8243;][et_pb_image src=&#8221;https:\/\/jirisancapital.com\/wp-content\/uploads\/2017\/11\/map-1.jpg&#8221; _builder_version=&#8221;3.1.1&#8243; box_shadow_style=&#8221;preset1&#8243; box_shadow_horizontal=&#8221;-2px&#8221; box_shadow_vertical=&#8221;-2px&#8221; box_shadow_blur=&#8221;42px&#8221; box_shadow_color=&#8221;rgba(0,0,0,0.16)&#8221; animation_style=&#8221;slide&#8221; animation_direction=&#8221;left&#8221; \/][\/et_pb_column][et_pb_column type=&#8221;1_2&#8243;][et_pb_cta admin_label=&#8221;About us text&#8221; title=&#8221;ACERCA DE&#8221; module_class=&#8221;strategy-section&#8221; _builder_version=&#8221;3.1.1&#8243; header_font=&#8221;|700|||||||&#8221; header_text_align=&#8221;left&#8221; header_font_size=&#8221;30px&#8221; header_font_size_tablet=&#8221;25px&#8221; header_font_size_last_edited=&#8221;on|tablet&#8221; header_letter_spacing=&#8221;10px&#8221; header_line_height=&#8221;35px&#8221; header_line_height_tablet=&#8221;28px&#8221; header_line_height_last_edited=&#8221;on|tablet&#8221; body_text_align=&#8221;left&#8221; body_text_color=&#8221;#000000&#8243; body_font_size=&#8221;18px&#8221; body_line_height=&#8221;28px&#8221; use_background_color=&#8221;off&#8221; custom_button=&#8221;on&#8221; button_text_size=&#8221;18px&#8221; button_text_color=&#8221;#000000&#8243; button_border_width=&#8221;1px&#8221; button_border_color=&#8221;#000000&#8243; button_border_radius=&#8221;0px&#8221; button_font=&#8221;|500|||||||&#8221; button_icon=&#8221;%%18%%&#8221; button_icon_color=&#8221;#000000&#8243; button_icon_placement=&#8221;left&#8221; button_on_hover=&#8221;off&#8221; button_bg_color_hover=&#8221;rgba(0,0,0,0)&#8221; button_border_radius_hover=&#8221;0px&#8221; button_alignment=&#8221;left&#8221; button_rel=&#8221;off|off|off|off|off&#8221; text_orientation=&#8221;left&#8221; background_layout=&#8221;light&#8221; custom_padding=&#8221;|||10%&#8221; custom_padding_tablet=&#8221;|||0px&#8221; custom_padding_last_edited=&#8221;on|desktop&#8221; custom_css_promo_button=&#8221;margin-top: 5%;||padding: 10px 20px;&#8221; custom_css_promo_title=&#8221;font-weight:600 !important;&#8221; header_letter_spacing_tablet=&#8221;5px&#8221; header_letter_spacing_last_edited=&#8221;on|phone&#8221; button_text_size_phone=&#8221;12px&#8221; button_text_size_last_edited=&#8221;on|phone&#8221; button_text=&#8221;Fundador&#8221; button_url=&#8221;#founder-id&#8221;]<\/p>\n<p>Consideramos el negocio de la gesti\u00f3n de inversiones como uno muy noble, ya que implica gran confianza por parte del cliente para el gerente de inversiones. Es por esto que nuestro objetivo principal es construir carteras l\u00edquidas establecidas para alcanzar rendimientos s\u00f3lidos a largo plazo y que a la vez sean robustas frente a las reducciones del mercado a corto plazo.<\/p>\n<p>Jirisan Capital se centra en la inversi\u00f3n de activos m\u00faltiples en mercados l\u00edquidos. Comprender las relaciones estructurales entre las clases de activos y las interacciones din\u00e1micas dentro de los mercados mundiales de capital proporciona una ventaja distintiva para prosperar en medio de las turbulencias del mercado. La exposici\u00f3n a diversas primas de riesgo, condicionadas a indicadores fundamentales y t\u00e9cnicos, ayuda a reducir posibles p\u00e9rdidas.<\/p>\n<p>[\/et_pb_cta][\/et_pb_column][\/et_pb_row][\/et_pb_section][et_pb_section bb_built=&#8221;1&#8243; module_id=&#8221;founder-id&#8221; _builder_version=&#8221;3.1.1&#8243; prev_background_color=&#8221;#000000&#8243;][et_pb_row make_fullwidth=&#8221;on&#8221; make_equal=&#8221;on&#8221; _builder_version=&#8221;3.1.1&#8243;][et_pb_column type=&#8221;1_2&#8243;][et_pb_image src=&#8221;https:\/\/jirisancapital.com\/wp-content\/uploads\/2017\/12\/HWANGBIOPICFINAL.jpg&#8221; disabled_on=&#8221;||on&#8221; _builder_version=&#8221;3.1.1&#8243; box_shadow_style=&#8221;preset1&#8243; box_shadow_horizontal=&#8221;-2px&#8221; box_shadow_vertical=&#8221;-2px&#8221; box_shadow_blur=&#8221;42px&#8221; box_shadow_color=&#8221;rgba(0,0,0,0.16)&#8221; animation_style=&#8221;slide&#8221; animation_direction=&#8221;right&#8221; \/][et_pb_cta admin_label=&#8221;MULTIPLE RISK PREMIA &#8221; title=&#8221;FUNDADOR&#8221; module_class=&#8221;strategy-section&#8221; _builder_version=&#8221;3.1.1&#8243; header_font=&#8221;|700|||||||&#8221; header_text_align=&#8221;left&#8221; header_font_size=&#8221;30px&#8221; header_font_size_tablet=&#8221;25px&#8221; header_font_size_last_edited=&#8221;on|tablet&#8221; header_letter_spacing=&#8221;10px&#8221; header_line_height=&#8221;35px&#8221; header_line_height_tablet=&#8221;28px&#8221; header_line_height_last_edited=&#8221;on|tablet&#8221; body_text_align=&#8221;left&#8221; body_text_color=&#8221;#000000&#8243; body_font_size=&#8221;18px&#8221; body_line_height=&#8221;28px&#8221; use_background_color=&#8221;off&#8221; custom_button=&#8221;on&#8221; button_text_size=&#8221;18px&#8221; button_text_color=&#8221;#000000&#8243; button_border_width=&#8221;1px&#8221; button_border_color=&#8221;#000000&#8243; button_border_radius=&#8221;0px&#8221; button_font=&#8221;|500|||||||&#8221; button_icon=&#8221;%%18%%&#8221; button_icon_color=&#8221;#000000&#8243; button_icon_placement=&#8221;left&#8221; button_on_hover=&#8221;off&#8221; button_bg_color_hover=&#8221;rgba(0,0,0,0)&#8221; button_border_radius_hover=&#8221;0px&#8221; button_alignment=&#8221;left&#8221; button_rel=&#8221;off|off|off|off|off&#8221; text_orientation=&#8221;left&#8221; background_layout=&#8221;light&#8221; custom_padding=&#8221;|10%||&#8221; custom_padding_tablet=&#8221;|0px||&#8221; custom_padding_last_edited=&#8221;on|desktop&#8221; custom_css_promo_button=&#8221;margin-top: 5%;||padding: 10px 20px;&#8221; custom_css_promo_title=&#8221;font-weight:600 !important;&#8221; header_letter_spacing_tablet=&#8221;5px&#8221; header_letter_spacing_last_edited=&#8221;on|phone&#8221; button_text_size_phone=&#8221;12px&#8221; button_text_size_last_edited=&#8221;on|phone&#8221;]<\/p>\n<p>Gerald (Jerry) Hwang fund\u00f3 Jirisan Capital bajo la creencia de que las inversiones globales de activos m\u00faltiples requieren una comprensi\u00f3n integral no solo de cada clase de activo de forma aislada, sino tambi\u00e9n de su interacci\u00f3n din\u00e1mica en su totalidad. Jerry ha vivido y trabajado en Asia, Europa y en los Estados Unidos, adquiriendo as\u00ed m\u00e1s de 20 a\u00f1os de experiencia en acciones, rentas fijas y derivados. Su trabajo en anal\u00edtica fundamental y cuantitativa se ha aplicado en mandatos de inversiones tanto activos como pasivos. Recientemente, fue gerente de cartera en Matthews Asia, donde trabaj\u00f3 en el fondo Strategic Income desde 2011 a 2016. Dirigi\u00f3 exposiciones de riesgo en clases de activos de renta fija, acciones, convertibles y FX.<\/p>\n<p>Antes de trabajar en Matthews, fue gerente de cartera l\u00edder de $6 mil millones de activos bajo gesti\u00f3n (\u201cAUM\u201d) en Vanguard, al mismo tiempo que administraba las asignaciones de bonos de agencia exigibles en otros $200 mil millones. La cobertura del tipo de producto incluy\u00f3 ETF, cuentas separadas y fondos mutuos. Hwang tambi\u00e9n dise\u00f1\u00f3, administr\u00f3 y comercializ\u00f3 el componente de divisas como parte de la estrategia alternativa de cosecha de Vanguard.<\/p>\n<p>Antes de Vanguard, su permanencia en Morgan Stanley abarc\u00f3 tanto la experiencia en ventas al ser analista de mercados emergentes, como en compras al ser miembro del equipo de Ingreso Fijo Personalizado. Antes de trabajar para Morgan Stanley, Hwang fue director de Equity Research en Budapest para el National Commercial Bank. Comenz\u00f3 su carrera como analista de derivados de acciones en D.E. Shaw. Se gradu\u00f3 de The Wharton School con un MBA en Finanzas y de la Universidad de Yale con un B.A. en Literatura Comparada. Posee el certificado de Analista Financiero Autorizado (\u201cCFA\u201d).<\/p>\n<p>[\/et_pb_cta][\/et_pb_column][et_pb_column type=&#8221;1_2&#8243;][et_pb_image src=&#8221;https:\/\/jirisancapital.com\/wp-content\/uploads\/2017\/12\/HWANGBIOPICFINAL.jpg&#8221; disabled_on=&#8221;on|on|off&#8221; _builder_version=&#8221;3.1.1&#8243; box_shadow_style=&#8221;preset1&#8243; box_shadow_horizontal=&#8221;-2px&#8221; box_shadow_vertical=&#8221;-2px&#8221; box_shadow_blur=&#8221;42px&#8221; box_shadow_color=&#8221;rgba(0,0,0,0.16)&#8221; animation_style=&#8221;slide&#8221; animation_direction=&#8221;right&#8221; \/][\/et_pb_column][\/et_pb_row][\/et_pb_section]<\/p>\n","protected":false},"excerpt":{"rendered":"<p>Consideramos el negocio de la gesti\u00f3n de inversiones como uno muy noble, ya que implica gran confianza por parte del cliente para el gerente de inversiones. Es por esto que nuestro objetivo principal es construir carteras l\u00edquidas establecidas para alcanzar rendimientos s\u00f3lidos a largo plazo y que a la vez sean robustas frente a las [&hellip;]<\/p>\n","protected":false},"author":1,"featured_media":0,"parent":0,"menu_order":0,"comment_status":"closed","ping_status":"closed","template":"","meta":{"_et_pb_use_builder":"on","_et_pb_old_content":"<strong>Lorem Ipsum<\/strong> is simply dummy text of the printing and typesetting industry. Lorem Ipsum has been the industry's standard dummy text ever since the 1500s, when an unknown printer took a galley of type and scrambled it to make a type specimen book. It has survived not only five centuries, but also the leap into electronic typesetting, remaining essentially unchanged. It was popularised in the 1960s with the release of Letraset sheets containing Lorem Ipsum passages, and more recently with desktop publishing software like Aldus PageMaker including versions of Lorem Ipsum.","_et_gb_content_width":"","_analytify_skip_tracking":false,"footnotes":""},"_links":{"self":[{"href":"https:\/\/jirisancapital.com\/es\/wp-json\/wp\/v2\/pages\/361"}],"collection":[{"href":"https:\/\/jirisancapital.com\/es\/wp-json\/wp\/v2\/pages"}],"about":[{"href":"https:\/\/jirisancapital.com\/es\/wp-json\/wp\/v2\/types\/page"}],"author":[{"embeddable":true,"href":"https:\/\/jirisancapital.com\/es\/wp-json\/wp\/v2\/users\/1"}],"replies":[{"embeddable":true,"href":"https:\/\/jirisancapital.com\/es\/wp-json\/wp\/v2\/comments?post=361"}],"version-history":[{"count":0,"href":"https:\/\/jirisancapital.com\/es\/wp-json\/wp\/v2\/pages\/361\/revisions"}],"wp:attachment":[{"href":"https:\/\/jirisancapital.com\/es\/wp-json\/wp\/v2\/media?parent=361"}],"curies":[{"name":"wp","href":"https:\/\/api.w.org\/{rel}","templated":true}]}}