{"id":353,"date":"2017-10-28T07:59:49","date_gmt":"2017-10-28T07:59:49","guid":{"rendered":"https:\/\/jirisancapital.com\/strategy\/"},"modified":"2019-04-03T03:39:36","modified_gmt":"2019-04-03T11:39:36","slug":"strategy","status":"publish","type":"page","link":"https:\/\/jirisancapital.com\/es\/strategy\/","title":{"rendered":"ESTRATEGIA"},"content":{"rendered":"<p>[et_pb_section bb_built=&#8221;1&#8243; module_class=&#8221;call-to-action-left-video&#8221; _builder_version=&#8221;3.1.1&#8243; next_background_color=&#8221;#000000&#8243;][et_pb_row make_fullwidth=&#8221;on&#8221; make_equal=&#8221;on&#8221; _builder_version=&#8221;3.1.1&#8243;][et_pb_column type=&#8221;1_2&#8243;][et_pb_image src=&#8221;https:\/\/jirisancapital.com\/wp-content\/uploads\/2018\/04\/orb-1.jpg&#8221; disabled_on=&#8221;on||off&#8221; _builder_version=&#8221;3.1.1&#8243; background_video_mp4=&#8221;https:\/\/jirisancapital.com\/wp-content\/uploads\/2018\/04\/money-time.mp4&#8243; background_video_webm=&#8221;https:\/\/jirisancapital.com\/wp-content\/uploads\/2018\/04\/money-time.mp4&#8243; background_video_width=&#8221;1920px&#8221; background_video_height=&#8221;1080px&#8221; box_shadow_style=&#8221;preset1&#8243; box_shadow_horizontal=&#8221;-2px&#8221; box_shadow_vertical=&#8221;-2px&#8221; box_shadow_blur=&#8221;42px&#8221; box_shadow_color=&#8221;rgba(0,0,0,0.16)&#8221; animation_direction=&#8221;left&#8221;]<\/p>\n<p>[\/et_pb_image][et_pb_image src=&#8221;https:\/\/jirisancapital.com\/wp-content\/uploads\/2018\/04\/orb-1.jpg&#8221; disabled_on=&#8221;|on|on&#8221; _builder_version=&#8221;3.1.1&#8243; box_shadow_style=&#8221;preset1&#8243; box_shadow_horizontal=&#8221;-2px&#8221; box_shadow_vertical=&#8221;-2px&#8221; box_shadow_blur=&#8221;42px&#8221; box_shadow_color=&#8221;rgba(0,0,0,0.16)&#8221; animation_style=&#8221;slide&#8221; animation_direction=&#8221;left&#8221;]<\/p>\n<p>[\/et_pb_image][\/et_pb_column][et_pb_column type=&#8221;1_2&#8243;][et_pb_cta admin_label=&#8221;ESTRATEGIA&#8221; title=&#8221;ESTRATEGIA&#8221; button_url=&#8221;#keep-gains&#8221; button_text=&#8221;Mantenga sus ganancias, limite sus p\u00e9rdidas&#8221; module_class=&#8221;custom-icon-left&#8221; _builder_version=&#8221;3.16&#8243; header_font=&#8221;|500|||||||&#8221; header_text_align=&#8221;left&#8221; header_font_size=&#8221;30px&#8221; header_font_size_tablet=&#8221;25px&#8221; header_font_size_last_edited=&#8221;on|phone&#8221; header_letter_spacing=&#8221;10px&#8221; header_letter_spacing_tablet=&#8221;5px&#8221; header_letter_spacing_last_edited=&#8221;on|tablet&#8221; header_line_height=&#8221;35px&#8221; header_line_height_tablet=&#8221;28px&#8221; header_line_height_last_edited=&#8221;on|tablet&#8221; body_text_align=&#8221;left&#8221; body_text_color=&#8221;#000000&#8243; body_font_size=&#8221;18px&#8221; body_line_height=&#8221;28px&#8221; use_background_color=&#8221;off&#8221; custom_button=&#8221;on&#8221; button_text_size=&#8221;18px&#8221; button_text_color=&#8221;#000000&#8243; button_border_width=&#8221;1px&#8221; button_border_color=&#8221;#000000&#8243; button_border_radius=&#8221;0px&#8221; button_font=&#8221;|500|||||||&#8221; button_icon=&#8221;%%18%%&#8221; button_icon_color=&#8221;#000000&#8243; button_icon_placement=&#8221;left&#8221; button_on_hover=&#8221;off&#8221; button_text_size_phone=&#8221;12px&#8221; button_text_size_last_edited=&#8221;on|phone&#8221; button_alignment=&#8221;left&#8221; button_rel=&#8221;off|off|off|off|off&#8221; text_orientation=&#8221;left&#8221; background_layout=&#8221;light&#8221; custom_padding=&#8221;|||10%&#8221; custom_padding_tablet=&#8221;|||0px&#8221; custom_padding_last_edited=&#8221;on|desktop&#8221; custom_css_main_element=&#8221;color: #000 !important;&#8221; custom_css_promo_description=&#8221;color: #000 !important;&#8221; custom_css_promo_button=&#8221;margin-top: 5%;padding: 10px 20px;&#8221; custom_css_promo_title=&#8221;font-weight:600 !important;&#8221; button_border_radius_hover=&#8221;0px&#8221; button_bg_color_hover=&#8221;rgba(0,0,0,0)&#8221; button_text_size__hover_enabled=&#8221;off&#8221; button_one_text_size__hover_enabled=&#8221;off&#8221; button_two_text_size__hover_enabled=&#8221;off&#8221; button_text_color__hover_enabled=&#8221;off&#8221; button_one_text_color__hover_enabled=&#8221;off&#8221; button_two_text_color__hover_enabled=&#8221;off&#8221; button_border_width__hover_enabled=&#8221;off&#8221; button_one_border_width__hover_enabled=&#8221;off&#8221; button_two_border_width__hover_enabled=&#8221;off&#8221; button_border_color__hover_enabled=&#8221;off&#8221; button_one_border_color__hover_enabled=&#8221;off&#8221; button_two_border_color__hover_enabled=&#8221;off&#8221; button_border_radius__hover_enabled=&#8221;on&#8221; button_border_radius__hover=&#8221;0px&#8221; button_one_border_radius__hover_enabled=&#8221;off&#8221; button_two_border_radius__hover_enabled=&#8221;off&#8221; button_letter_spacing__hover_enabled=&#8221;off&#8221; button_one_letter_spacing__hover_enabled=&#8221;off&#8221; button_two_letter_spacing__hover_enabled=&#8221;off&#8221; button_bg_color__hover_enabled=&#8221;on&#8221; button_bg_color__hover=&#8221;rgba(0,0,0,0)&#8221; button_one_bg_color__hover_enabled=&#8221;off&#8221; button_two_bg_color__hover_enabled=&#8221;off&#8221;]<\/p>\n<p>El marco global macro de Jirisan est\u00e1 preparado para operar bajo todas las circunstancias del mercado financiero, buscando cosechar primas de riesgo en bonos, acciones y divisas con un enfoque en la preservaci\u00f3n del capital. La distribuci\u00f3n din\u00e1mica a trav\u00e9s de diversas exposiciones de riesgo genera una medida de protecci\u00f3n contra las posibles calamidades del mercado en cualquier pa\u00eds o tipo de activos. En cada caso en que el mercado ofrezca una compensaci\u00f3n inadecuada para un nivel o tipo de riesgo, tal riesgo es eliminado. La aversi\u00f3n sistem\u00e1tica a los riesgos mal pagados busca eliminar potenciales p\u00e9rdidas significativas y sostenidas.<\/p>\n<p>[\/et_pb_cta][\/et_pb_column][\/et_pb_row][\/et_pb_section][et_pb_section bb_built=&#8221;1&#8243; module_id=&#8221;keep-gains&#8221; _builder_version=&#8221;3.1.1&#8243; prev_background_color=&#8221;#000000&#8243; next_background_color=&#8221;#000000&#8243;][et_pb_row make_fullwidth=&#8221;on&#8221; make_equal=&#8221;on&#8221; _builder_version=&#8221;3.1.1&#8243;][et_pb_column type=&#8221;1_2&#8243;][et_pb_image src=&#8221;https:\/\/jirisancapital.com\/wp-content\/uploads\/2017\/11\/mountain.jpg&#8221; disabled_on=&#8221;off|off|on&#8221; _builder_version=&#8221;3.21.2&#8243; box_shadow_style=&#8221;preset1&#8243; box_shadow_horizontal=&#8221;-2px&#8221; box_shadow_vertical=&#8221;-2px&#8221; box_shadow_blur=&#8221;42px&#8221; box_shadow_color=&#8221;rgba(0,0,0,0.16)&#8221; animation_style=&#8221;slide&#8221; animation_direction=&#8221;right&#8221;]<\/p>\n<p>[\/et_pb_image][et_pb_cta admin_label=&#8221;Mantenga sus ganancias, limite sus p\u00e9rdidas&#8221; title=&#8221;Mantenga sus ganancias, limite sus p\u00e9rdidas&#8221; button_url=&#8221;#oars-and-salis&#8221; button_text=&#8221;Use tanto los remos como las velas&#8221; module_class=&#8221;strategy-section&#8221; _builder_version=&#8221;3.16&#8243; header_font=&#8221;|700|||||||&#8221; header_text_align=&#8221;left&#8221; header_font_size=&#8221;30px&#8221; header_font_size_tablet=&#8221;25px&#8221; header_font_size_last_edited=&#8221;on|tablet&#8221; header_letter_spacing=&#8221;10px&#8221; header_letter_spacing_tablet=&#8221;5px&#8221; header_letter_spacing_last_edited=&#8221;on|phone&#8221; header_line_height=&#8221;35px&#8221; header_line_height_tablet=&#8221;28px&#8221; header_line_height_last_edited=&#8221;on|phone&#8221; body_text_align=&#8221;left&#8221; body_text_color=&#8221;#000000&#8243; body_font_size=&#8221;18px&#8221; body_line_height=&#8221;28px&#8221; use_background_color=&#8221;off&#8221; custom_button=&#8221;on&#8221; button_text_size=&#8221;18px&#8221; button_text_color=&#8221;#000000&#8243; button_border_width=&#8221;1px&#8221; button_border_color=&#8221;#000000&#8243; button_border_radius=&#8221;0px&#8221; button_font=&#8221;|500|||||||&#8221; button_icon=&#8221;%%18%%&#8221; button_icon_color=&#8221;#000000&#8243; button_icon_placement=&#8221;left&#8221; button_on_hover=&#8221;off&#8221; button_text_size_phone=&#8221;12px&#8221; button_text_size_last_edited=&#8221;on|phone&#8221; button_alignment=&#8221;left&#8221; button_rel=&#8221;off|off|off|off|off&#8221; text_orientation=&#8221;left&#8221; background_layout=&#8221;light&#8221; custom_padding=&#8221;|10%||&#8221; custom_padding_tablet=&#8221;|0px||&#8221; custom_padding_last_edited=&#8221;on|desktop&#8221; custom_css_promo_button=&#8221;margin-top: 5%;||padding: 10px 20px;&#8221; custom_css_promo_title=&#8221;font-weight:600 !important;&#8221; button_border_radius_hover=&#8221;0px&#8221; button_bg_color_hover=&#8221;rgba(0,0,0,0)&#8221; button_text_size__hover_enabled=&#8221;off&#8221; button_one_text_size__hover_enabled=&#8221;off&#8221; button_two_text_size__hover_enabled=&#8221;off&#8221; button_text_color__hover_enabled=&#8221;off&#8221; button_one_text_color__hover_enabled=&#8221;off&#8221; button_two_text_color__hover_enabled=&#8221;off&#8221; button_border_width__hover_enabled=&#8221;off&#8221; button_one_border_width__hover_enabled=&#8221;off&#8221; button_two_border_width__hover_enabled=&#8221;off&#8221; button_border_color__hover_enabled=&#8221;off&#8221; button_one_border_color__hover_enabled=&#8221;off&#8221; button_two_border_color__hover_enabled=&#8221;off&#8221; button_border_radius__hover_enabled=&#8221;on&#8221; button_border_radius__hover=&#8221;0px&#8221; button_one_border_radius__hover_enabled=&#8221;off&#8221; button_two_border_radius__hover_enabled=&#8221;off&#8221; button_letter_spacing__hover_enabled=&#8221;off&#8221; button_one_letter_spacing__hover_enabled=&#8221;off&#8221; button_two_letter_spacing__hover_enabled=&#8221;off&#8221; button_bg_color__hover_enabled=&#8221;on&#8221; button_bg_color__hover=&#8221;rgba(0,0,0,0)&#8221; button_one_bg_color__hover_enabled=&#8221;off&#8221; button_two_bg_color__hover_enabled=&#8221;off&#8221;]<\/p>\n<p>Escalar una monta\u00f1a lleva m\u00e1s tiempo que caerse de ella. Tal asimetr\u00eda tambi\u00e9n est\u00e1 presente en los mercados financieros. Un bono que pierde la mitad de su valor debe duplicarse para volver a su precio original. Dado que la inversi\u00f3n a largo plazo significa obtener ganancias constantes junto a la preservaci\u00f3n de las mismas, nosotros seleccionamos \u00fanicamente las exposiciones de riesgo que ofrecen compensaciones justas y evitamos las que no lo hacen. Este enfoque &#8220;seguro&#8221; contrasta con el de la gesti\u00f3n de inversi\u00f3n activa tradicional. En la b\u00fasqueda de superar el benchmark de mercado, la mayor\u00eda de los gerentes de inversiones activas tiende a tener una postura constante a favor del riesgo, lo cual puede tener como resultado la evaporaci\u00f3n de ganancias que tomaron a\u00f1os en acumularse.<\/p>\n<p>[\/et_pb_cta][\/et_pb_column][et_pb_column type=&#8221;1_2&#8243;][et_pb_image src=&#8221;https:\/\/jirisancapital.com\/wp-content\/uploads\/2017\/11\/mountain.jpg&#8221; disabled_on=&#8221;on|on|&#8221; _builder_version=&#8221;3.21.2&#8243; box_shadow_style=&#8221;preset1&#8243; box_shadow_horizontal=&#8221;-2px&#8221; box_shadow_vertical=&#8221;-2px&#8221; box_shadow_blur=&#8221;42px&#8221; box_shadow_color=&#8221;rgba(0,0,0,0.16)&#8221; animation_style=&#8221;slide&#8221; animation_direction=&#8221;right&#8221;]<\/p>\n<p>[\/et_pb_image][\/et_pb_column][\/et_pb_row][\/et_pb_section][et_pb_section bb_built=&#8221;1&#8243; module_id=&#8221;oars-and-salis&#8221; module_class=&#8221;call-to-action-left-video&#8221; _builder_version=&#8221;3.1.1&#8243; prev_background_color=&#8221;#000000&#8243; next_background_color=&#8221;#000000&#8243;][et_pb_row make_fullwidth=&#8221;on&#8221; make_equal=&#8221;on&#8221; _builder_version=&#8221;3.21.2&#8243;][et_pb_column type=&#8221;1_2&#8243;][et_pb_image src=&#8221;https:\/\/jirisancapital.com\/wp-content\/uploads\/2018\/04\/boat-1.jpg&#8221; disabled_on=&#8221;off|off|&#8221; _builder_version=&#8221;3.21.2&#8243; box_shadow_style=&#8221;preset1&#8243; box_shadow_horizontal=&#8221;-2px&#8221; box_shadow_vertical=&#8221;-2px&#8221; box_shadow_blur=&#8221;42px&#8221; box_shadow_color=&#8221;rgba(0,0,0,0.16)&#8221; animation_style=&#8221;slide&#8221; animation_direction=&#8221;right&#8221; z_index_tablet=&#8221;500&#8243; disabled=&#8221;off&#8221;]<\/p>\n<p>[\/et_pb_image][\/et_pb_column][et_pb_column type=&#8221;1_2&#8243;][et_pb_cta admin_label=&#8221;Use tanto los remos como las velas&#8221; title=&#8221;Use tanto los remos como las velas&#8221; button_url=&#8221;#multiple-risk&#8221; button_text=&#8221;Coseche recompensas de riesgo&#8221; module_class=&#8221;custom-icon-left&#8221; _builder_version=&#8221;3.16&#8243; header_font=&#8221;|500|||||||&#8221; header_text_align=&#8221;left&#8221; header_font_size=&#8221;30px&#8221; header_font_size_tablet=&#8221;25px&#8221; header_font_size_last_edited=&#8221;on|phone&#8221; header_letter_spacing=&#8221;10px&#8221; header_letter_spacing_tablet=&#8221;5px&#8221; header_letter_spacing_last_edited=&#8221;on|tablet&#8221; header_line_height=&#8221;35px&#8221; header_line_height_tablet=&#8221;28px&#8221; header_line_height_last_edited=&#8221;on|tablet&#8221; body_text_align=&#8221;left&#8221; body_text_color=&#8221;#000000&#8243; body_font_size=&#8221;18px&#8221; body_line_height=&#8221;28px&#8221; use_background_color=&#8221;off&#8221; custom_button=&#8221;on&#8221; button_text_size=&#8221;18px&#8221; button_text_color=&#8221;#000000&#8243; button_border_width=&#8221;1px&#8221; button_border_color=&#8221;#000000&#8243; button_border_radius=&#8221;0px&#8221; button_font=&#8221;|500|||||||&#8221; button_icon=&#8221;%%18%%&#8221; button_icon_color=&#8221;#000000&#8243; button_icon_placement=&#8221;left&#8221; button_on_hover=&#8221;off&#8221; button_text_size_phone=&#8221;12px&#8221; button_text_size_last_edited=&#8221;on|phone&#8221; button_alignment=&#8221;left&#8221; button_rel=&#8221;off|off|off|off|off&#8221; text_orientation=&#8221;left&#8221; background_layout=&#8221;light&#8221; custom_padding=&#8221;|||10%&#8221; custom_padding_tablet=&#8221;|||0px&#8221; custom_padding_last_edited=&#8221;on|desktop&#8221; custom_css_main_element=&#8221;color: #000 !important;&#8221; custom_css_promo_description=&#8221;color: #000 !important;&#8221; custom_css_promo_button=&#8221;margin-top: 5%;padding: 10px 20px;&#8221; custom_css_promo_title=&#8221;font-weight:600 !important;&#8221; button_border_radius_hover=&#8221;0px&#8221; button_bg_color_hover=&#8221;rgba(0,0,0,0)&#8221; button_text_size__hover_enabled=&#8221;off&#8221; button_one_text_size__hover_enabled=&#8221;off&#8221; button_two_text_size__hover_enabled=&#8221;off&#8221; button_text_color__hover_enabled=&#8221;off&#8221; button_one_text_color__hover_enabled=&#8221;off&#8221; button_two_text_color__hover_enabled=&#8221;off&#8221; button_border_width__hover_enabled=&#8221;off&#8221; button_one_border_width__hover_enabled=&#8221;off&#8221; button_two_border_width__hover_enabled=&#8221;off&#8221; button_border_color__hover_enabled=&#8221;off&#8221; button_one_border_color__hover_enabled=&#8221;off&#8221; button_two_border_color__hover_enabled=&#8221;off&#8221; button_border_radius__hover_enabled=&#8221;on&#8221; button_border_radius__hover=&#8221;0px&#8221; button_one_border_radius__hover_enabled=&#8221;off&#8221; button_two_border_radius__hover_enabled=&#8221;off&#8221; button_letter_spacing__hover_enabled=&#8221;off&#8221; button_one_letter_spacing__hover_enabled=&#8221;off&#8221; button_two_letter_spacing__hover_enabled=&#8221;off&#8221; button_bg_color__hover_enabled=&#8221;on&#8221; button_bg_color__hover=&#8221;rgba(0,0,0,0)&#8221; button_one_bg_color__hover_enabled=&#8221;off&#8221; button_two_bg_color__hover_enabled=&#8221;off&#8221;]<\/p>\n<p>Al navegar por las turbulentas aguas de las finanzas internacionales, la mayor\u00eda de los gerentes de activos est\u00e1n configurados para remar (es decir, la seguridad o la selecci\u00f3n del sector dentro de una clase de activo) o para cambiar de direcci\u00f3n(es decir, distribuir a trav\u00e9s de distintas clases de activos). Jirisan considera necesario estar capacitados en ambos enfoques: notar la direcci\u00f3n del viento, acomodar las velas apropiadamente, y utilizar remos para ayudar a dirigir y evitar costas rocosas. Los mercados ofrecen muchas formas de ganar (o perder) dinero. Los profesionales que se limitan a un \u00fanico m\u00e9todo de an\u00e1lisis o a un \u00fanico tipo de activo pueden sufrir largos per\u00edodos de bajo rendimiento.<\/p>\n<p>[\/et_pb_cta][\/et_pb_column][\/et_pb_row][\/et_pb_section][et_pb_section bb_built=&#8221;1&#8243; module_id=&#8221;multiple-risk&#8221; _builder_version=&#8221;3.1.1&#8243; prev_background_color=&#8221;#000000&#8243;][et_pb_row make_fullwidth=&#8221;on&#8221; make_equal=&#8221;on&#8221; _builder_version=&#8221;3.1.1&#8243;][et_pb_column type=&#8221;1_2&#8243;][et_pb_image src=&#8221;https:\/\/jirisancapital.com\/wp-content\/uploads\/2017\/11\/green.jpg&#8221; disabled_on=&#8221;off|off|on&#8221; _builder_version=&#8221;3.1.1&#8243; box_shadow_style=&#8221;preset1&#8243; box_shadow_horizontal=&#8221;-2px&#8221; box_shadow_vertical=&#8221;-2px&#8221; box_shadow_blur=&#8221;42px&#8221; box_shadow_color=&#8221;rgba(0,0,0,0.16)&#8221; animation_style=&#8221;slide&#8221; animation_direction=&#8221;right&#8221;]<\/p>\n<p>[\/et_pb_image][et_pb_cta admin_label=&#8221;Coseche recompensas de riesgo a partir&#8230;&#8221; title=&#8221;Coseche recompensas de riesgo a partir de m\u00faltiples tipos de riesgo con m\u00faltiples m\u00e9todos de an\u00e1lisis&#8221; module_class=&#8221;strategy-section&#8221; _builder_version=&#8221;3.16&#8243; header_font=&#8221;|700|||||||&#8221; header_text_align=&#8221;left&#8221; header_font_size=&#8221;30px&#8221; header_font_size_tablet=&#8221;25px&#8221; header_font_size_last_edited=&#8221;on|tablet&#8221; header_letter_spacing=&#8221;10px&#8221; header_letter_spacing_tablet=&#8221;5px&#8221; header_letter_spacing_last_edited=&#8221;on|phone&#8221; header_line_height=&#8221;35px&#8221; header_line_height_tablet=&#8221;28px&#8221; header_line_height_last_edited=&#8221;on|phone&#8221; body_text_align=&#8221;left&#8221; body_text_color=&#8221;#000000&#8243; body_font_size=&#8221;18px&#8221; body_line_height=&#8221;28px&#8221; use_background_color=&#8221;off&#8221; custom_button=&#8221;on&#8221; button_text_size=&#8221;18px&#8221; button_text_color=&#8221;#000000&#8243; button_border_width=&#8221;1px&#8221; button_border_color=&#8221;#000000&#8243; button_border_radius=&#8221;0px&#8221; button_font=&#8221;|500|||||||&#8221; button_icon=&#8221;%%18%%&#8221; button_icon_color=&#8221;#000000&#8243; button_icon_placement=&#8221;left&#8221; button_on_hover=&#8221;off&#8221; button_text_size_phone=&#8221;12px&#8221; button_text_size_last_edited=&#8221;on|phone&#8221; button_alignment=&#8221;left&#8221; button_rel=&#8221;off|off|off|off|off&#8221; text_orientation=&#8221;left&#8221; background_layout=&#8221;light&#8221; custom_padding=&#8221;|10%||&#8221; custom_padding_tablet=&#8221;|0px||&#8221; custom_padding_last_edited=&#8221;on|desktop&#8221; custom_css_promo_button=&#8221;margin-top: 5%;||padding: 10px 20px;&#8221; custom_css_promo_title=&#8221;font-weight:600 !important;&#8221; button_border_radius_hover=&#8221;0px&#8221; button_bg_color_hover=&#8221;rgba(0,0,0,0)&#8221; button_text_size__hover_enabled=&#8221;off&#8221; button_one_text_size__hover_enabled=&#8221;off&#8221; button_two_text_size__hover_enabled=&#8221;off&#8221; button_text_color__hover_enabled=&#8221;off&#8221; button_one_text_color__hover_enabled=&#8221;off&#8221; button_two_text_color__hover_enabled=&#8221;off&#8221; button_border_width__hover_enabled=&#8221;off&#8221; button_one_border_width__hover_enabled=&#8221;off&#8221; button_two_border_width__hover_enabled=&#8221;off&#8221; button_border_color__hover_enabled=&#8221;off&#8221; button_one_border_color__hover_enabled=&#8221;off&#8221; button_two_border_color__hover_enabled=&#8221;off&#8221; button_border_radius__hover_enabled=&#8221;on&#8221; button_border_radius__hover=&#8221;0px&#8221; button_one_border_radius__hover_enabled=&#8221;off&#8221; button_two_border_radius__hover_enabled=&#8221;off&#8221; button_letter_spacing__hover_enabled=&#8221;off&#8221; button_one_letter_spacing__hover_enabled=&#8221;off&#8221; button_two_letter_spacing__hover_enabled=&#8221;off&#8221; button_bg_color__hover_enabled=&#8221;on&#8221; button_bg_color__hover=&#8221;rgba(0,0,0,0)&#8221; button_one_bg_color__hover_enabled=&#8221;off&#8221; button_two_bg_color__hover_enabled=&#8221;off&#8221;]<\/p>\n<p>En la agricultura, plantar diferentes cultivos en distintas temporadas repone los nutrientes del suelo y ahuyenta las plagas. Tanto el rendimiento de las cosechas como la consistencia de este rendimiento aumentan dr\u00e1sticamente. La &#8220;rotaci\u00f3n de cultivos&#8221; parece funcionar tambi\u00e9n en la gesti\u00f3n de inversiones. Jirisan reconoce que no existe una clase de activo, estilo de inversi\u00f3n o m\u00e9todo anal\u00edtico que funcione en todos los horizontes temporales. Nuestro enfoque de an\u00e1lisis multifac\u00e9tico tiene sus ra\u00edces en el dominio de activos cruzados y curiosidad intelectual. Las estrategias de Jirisan se adaptan continuamente a los cambiantes reg\u00edmenes de riesgo y al cambio de las estaciones.<\/p>\n<p>[\/et_pb_cta][\/et_pb_column][et_pb_column type=&#8221;1_2&#8243;][et_pb_image src=&#8221;https:\/\/jirisancapital.com\/wp-content\/uploads\/2017\/11\/green.jpg&#8221; disabled_on=&#8221;on|on|&#8221; _builder_version=&#8221;3.1.1&#8243; box_shadow_style=&#8221;preset1&#8243; box_shadow_horizontal=&#8221;-2px&#8221; box_shadow_vertical=&#8221;-2px&#8221; box_shadow_blur=&#8221;42px&#8221; box_shadow_color=&#8221;rgba(0,0,0,0.16)&#8221; animation_style=&#8221;slide&#8221; animation_direction=&#8221;right&#8221;]<\/p>\n<p>[\/et_pb_image][\/et_pb_column][\/et_pb_row][\/et_pb_section]<\/p>\n","protected":false},"excerpt":{"rendered":"<p>El marco global macro de Jirisan est\u00e1 preparado para operar bajo todas las circunstancias del mercado financiero, buscando cosechar primas de riesgo en bonos, acciones y divisas con un enfoque en la preservaci\u00f3n del capital. La distribuci\u00f3n din\u00e1mica a trav\u00e9s de diversas exposiciones de riesgo genera una medida de protecci\u00f3n contra las posibles calamidades del [&hellip;]<\/p>\n","protected":false},"author":1,"featured_media":2952,"parent":0,"menu_order":0,"comment_status":"closed","ping_status":"closed","template":"","meta":{"_et_pb_use_builder":"on","_et_pb_old_content":"<p><strong>Lorem Ipsum<\/strong> is simply dummy text of the printing and typesetting industry. Lorem Ipsum has been the industry's standard dummy text ever since the 1500s, when an unknown printer took a galley of type and scrambled it to make a type specimen book. It has survived not only five centuries, but also the leap into electronic typesetting, remaining essentially unchanged. It was popularised in the 1960s with the release of Letraset sheets containing Lorem Ipsum passages, and more recently with desktop publishing software like Aldus PageMaker including versions of Lorem Ipsum.<\/p>","_et_gb_content_width":"","_analytify_skip_tracking":false,"footnotes":""},"_links":{"self":[{"href":"https:\/\/jirisancapital.com\/es\/wp-json\/wp\/v2\/pages\/353"}],"collection":[{"href":"https:\/\/jirisancapital.com\/es\/wp-json\/wp\/v2\/pages"}],"about":[{"href":"https:\/\/jirisancapital.com\/es\/wp-json\/wp\/v2\/types\/page"}],"author":[{"embeddable":true,"href":"https:\/\/jirisancapital.com\/es\/wp-json\/wp\/v2\/users\/1"}],"replies":[{"embeddable":true,"href":"https:\/\/jirisancapital.com\/es\/wp-json\/wp\/v2\/comments?post=353"}],"version-history":[{"count":0,"href":"https:\/\/jirisancapital.com\/es\/wp-json\/wp\/v2\/pages\/353\/revisions"}],"wp:featuredmedia":[{"embeddable":true,"href":"https:\/\/jirisancapital.com\/es\/wp-json\/wp\/v2\/media\/2952"}],"wp:attachment":[{"href":"https:\/\/jirisancapital.com\/es\/wp-json\/wp\/v2\/media?parent=353"}],"curies":[{"name":"wp","href":"https:\/\/api.w.org\/{rel}","templated":true}]}}